{"id":144,"date":"2025-11-06T00:07:09","date_gmt":"2025-11-06T00:07:09","guid":{"rendered":"https:\/\/mayalounge.sk\/?page_id=144"},"modified":"2025-11-06T12:39:48","modified_gmt":"2025-11-06T12:39:48","slug":"home","status":"publish","type":"page","link":"https:\/\/mayalounge.sk\/sk\/","title":{"rendered":"Domov"},"content":{"rendered":"<div data-elementor-type=\"wp-page\" data-elementor-id=\"144\" class=\"elementor elementor-144\" data-elementor-post-type=\"page\">\n\t\t\t\t<div class=\"elementor-element elementor-element-313a6bf elementor-hidden-desktop elementor-hidden-tablet e-flex e-con-boxed e-con e-parent\" data-id=\"313a6bf\" data-element_type=\"container\" data-settings=\"{&quot;animation_mobile&quot;:&quot;fadeInDown&quot;}\">\n\t\t\t\t\t<div class=\"e-con-inner\">\n\t\t\t\t<div class=\"elementor-element elementor-element-f82f7d4 elementor-icon-list--layout-inline elementor-mobile-align-center elementor-list-item-link-full_width elementor-widget elementor-widget-icon-list\" data-id=\"f82f7d4\" data-element_type=\"widget\" data-widget_type=\"icon-list.default\">\n\t\t\t\t\t\t\t<ul class=\"elementor-icon-list-items elementor-inline-items\">\n\t\t\t\t\t\t\t<li class=\"elementor-icon-list-item elementor-inline-item\">\n\t\t\t\t\t\t\t\t\t\t\t<a href=\"tel:+421952256005\">\n\n\t\t\t\t\t\t\t\t\t\t\t\t<span class=\"elementor-icon-list-icon\">\n\t\t\t\t\t\t\t<i aria-hidden=\"true\" class=\"icon icon-fi-rr-phone-flip\"><\/i>\t\t\t\t\t\t<\/span>\n\t\t\t\t\t\t\t\t\t\t<span class=\"elementor-icon-list-text\">Zavolajte n\u00e1m<\/span>\n\t\t\t\t\t\t\t\t\t\t\t<\/a>\n\t\t\t\t\t\t\t\t\t<\/li>\n\t\t\t\t\t\t\t\t<li class=\"elementor-icon-list-item elementor-inline-item\">\n\t\t\t\t\t\t\t\t\t\t\t<a href=\"https:\/\/share.google\/7U7Gfn6PLs8BelDYG\">\n\n\t\t\t\t\t\t\t\t\t\t\t\t<span class=\"elementor-icon-list-icon\">\n\t\t\t\t\t\t\t<i aria-hidden=\"true\" class=\"icon icon-fi-rr-route\"><\/i>\t\t\t\t\t\t<\/span>\n\t\t\t\t\t\t\t\t\t\t<span class=\"elementor-icon-list-text\">Nav\u0161t\u00edvte n\u00e1s<\/span>\n\t\t\t\t\t\t\t\t\t\t\t<\/a>\n\t\t\t\t\t\t\t\t\t<\/li>\n\t\t\t\t\t\t\t\t<li class=\"elementor-icon-list-item elementor-inline-item\">\n\t\t\t\t\t\t\t\t\t\t\t<a href=\"#elementor-action%3Aaction%3Dpopup%3Aopen%26settings%3DeyJpZCI6IjE3MiIsInRvZ2dsZSI6ZmFsc2V9\">\n\n\t\t\t\t\t\t\t\t\t\t\t\t<span class=\"elementor-icon-list-icon\">\n\t\t\t\t\t\t\t<i aria-hidden=\"true\" class=\"icon icon-fi-rr-clock-future-past\"><\/i>\t\t\t\t\t\t<\/span>\n\t\t\t\t\t\t\t\t\t\t<span class=\"elementor-icon-list-text\">Hodiny<\/span>\n\t\t\t\t\t\t\t\t\t\t\t<\/a>\n\t\t\t\t\t\t\t\t\t<\/li>\n\t\t\t\t\t\t\t\t<li class=\"elementor-icon-list-item elementor-inline-item\">\n\t\t\t\t\t\t\t\t\t\t\t<a href=\"#elementor-action%3Aaction%3Dpopup%3Aopen%26settings%3DeyJpZCI6IjE3OSIsInRvZ2dsZSI6ZmFsc2V9\">\n\n\t\t\t\t\t\t\t\t\t\t\t\t<span class=\"elementor-icon-list-icon\">\n\t\t\t\t\t\t\t<i aria-hidden=\"true\" class=\"icon icon-fi-rr-envelope-plus\"><\/i>\t\t\t\t\t\t<\/span>\n\t\t\t\t\t\t\t\t\t\t<span class=\"elementor-icon-list-text\">Kontakt<\/span>\n\t\t\t\t\t\t\t\t\t\t\t<\/a>\n\t\t\t\t\t\t\t\t\t<\/li>\n\t\t\t\t\t\t<\/ul>\n\t\t\t\t\t\t<\/div>\n\t\t\t\t\t<\/div>\n\t\t\t\t<\/div>\n\t\t<div class=\"elementor-element elementor-element-157ea2a e-con-full e-flex e-con e-parent\" data-id=\"157ea2a\" data-element_type=\"container\">\n\t\t\t\t<div class=\"elementor-element elementor-element-5c67415 elementor-widget elementor-widget-slider_revolution\" data-id=\"5c67415\" data-element_type=\"widget\" data-widget_type=\"slider_revolution.default\">\n\t\t\t\t\t\n\t\t<div class=\"wp-block-themepunch-revslider\">\n\t\t\t\t<p class=\"rs-p-wp-fix\"><\/p>\n\t\t\t\t<sr7-module data-alias=\"slider-1\" data-id=\"1\" id=\"SR7_1_1\" class=\"rs-ov-hidden\" data-version=\"6.7.38\">\n\t\t\t\t\t<sr7-adjuster><\/sr7-adjuster>\n\t\t\t\t\t<sr7-content>\n\t\t\t\t\t\t<sr7-slide id=\"SR7_1_1-1\" data-key=\"1\">\n\t\t\t\t\t\t\t<a id=\"SR7_1_1-1-5\" class=\"sr7-layer\" href=\"\/sk\/m-menu\/\" target=\"_self\">Prejs\u0165 do ponuky pracovnej plochy<\/a>\n\t\t\t\t\t\t<\/sr7-slide>\n\t\t\t\t\t\t<sr7-slide id=\"SR7_1_1-2\" data-key=\"2\">\n\t\t\t\t\t\t<\/sr7-slide>\n\t\t\t\t\t<\/sr7-content>\n\t\t\t\t\t<image_lists style=\"display:none\">\n\t\t\t\t\t\t<img data-src=\"\/\/mayalounge.sk\/wp-content\/uploads\/2025\/11\/Center.svg\" data-libid=\"136\" data-lib=\"medialibrary\" title=\"Stredisko\" width=\"0\" height=\"0\" data-dbsrc=\"Ly9tYXlhbG91bmdlLnNrL3dwLWNvbnRlbnQvdXBsb2Fkcy8yMDI1LzExL0NlbnRlci5zdmc=\"\/>\n\t\t\t\t\t\t<img data-src=\"\/\/mayalounge.sk\/wp-content\/uploads\/2025\/11\/Mid.svg\" data-libid=\"137\" data-lib=\"medialibrary\" title=\"Stred\" width=\"0\" height=\"0\" data-dbsrc=\"Ly9tYXlhbG91bmdlLnNrL3dwLWNvbnRlbnQvdXBsb2Fkcy8yMDI1LzExL01pZC5zdmc=\"\/>\n\t\t\t\t\t\t<img data-src=\"\/\/mayalounge.sk\/wp-content\/uploads\/2025\/11\/Out.svg\" data-libid=\"138\" data-lib=\"medialibrary\" title=\"Vonku\" width=\"0\" height=\"0\" data-dbsrc=\"Ly9tYXlhbG91bmdlLnNrL3dwLWNvbnRlbnQvdXBsb2Fkcy8yMDI1LzExL091dC5zdmc=\"\/>\n\t\t\t\t\t\t<img loading=\"lazy\" data-src=\"\/\/mayalounge.sk\/wp-content\/uploads\/2025\/11\/Maya.svg\" data-libid=\"140\" data-lib=\"medialibrary\" title=\"Maya\" width=\"0\" height=\"0\" data-dbsrc=\"Ly9tYXlhbG91bmdlLnNrL3dwLWNvbnRlbnQvdXBsb2Fkcy8yMDI1LzExL01heWEuc3Zn\"\/>\n\t\t\t\t\t\t<img loading=\"lazy\" data-src=\"\/\/mayalounge.sk\/wp-content\/uploads\/2025\/11\/LSB.svg\" data-libid=\"139\" data-lib=\"medialibrary\" title=\"LSB\" width=\"0\" height=\"0\" data-dbsrc=\"Ly9tYXlhbG91bmdlLnNrL3dwLWNvbnRlbnQvdXBsb2Fkcy8yMDI1LzExL0xTQi5zdmc=\"\/>\n\t\t\t\t\t<\/image_lists>\n\t\t\t\t<\/sr7-module>\n\t\t\t\t<script>\n\t\t\t\t\tSR7.PMH ??={}; SR7.PMH[\"SR7_1_1\"] = {cn:100,state:false,fn: function() { if (_tpt!==undefined && _tpt.prepareModuleHeight !== undefined) {  _tpt.prepareModuleHeight({id:\"SR7_1_1\",el:[900,900,768,960,720],type:'hero',shdw:'0',gh:[900,900,768,960,720],gw:[1240,1240,1024,778,480],vpt:['-100px&#039;,&#039;-100px&#039;,&#039;-100px&#039;,&#039;-100px&#039;,&#039;-100px'],size:{fullWidth:true, fullHeight:true},fho:'',mh:'0',onh:0,onw:0,bg:{color:'{\"orig\":\"transparent\",\"type\":\"solid\",\"string\":\"transparent\"}'}});   SR7.PMH[\"SR7_1_1\"].state=true;} else if(SR7.PMH[\"SR7_1_1\"].cn-->0)\tsetTimeout( SR7.PMH[\"SR7_1_1\"].fn,19);}};SR7.PMH[\"SR7_1_1\" ].fn();\n\t\t\t\t<\/script>\n<\/div>\n\n\t\t\t\t\t\t<\/div>\n\t\t\t\t<\/div>\n\t\t<div class=\"elementor-element elementor-element-27ee3a3 elementor-hidden-desktop elementor-hidden-tablet e-flex e-con-boxed e-con e-parent\" data-id=\"27ee3a3\" data-element_type=\"container\" data-settings=\"{&quot;animation_mobile&quot;:&quot;fadeInUp&quot;}\">\n\t\t\t\t\t<div class=\"e-con-inner\">\n\t\t<div class=\"elementor-element elementor-element-0ac4c8e e-con-full e-flex e-con e-child\" data-id=\"0ac4c8e\" data-element_type=\"container\">\n\t\t\t\t<div class=\"elementor-element elementor-element-b05fd7e elementor-view-default elementor-position-top elementor-mobile-position-top elementor-widget elementor-widget-icon-box\" data-id=\"b05fd7e\" data-element_type=\"widget\" data-widget_type=\"icon-box.default\">\n\t\t\t\t\t\t\t<div class=\"elementor-icon-box-wrapper\">\n\n\t\t\t\t\t\t<div class=\"elementor-icon-box-icon\">\n\t\t\t\t<a href=\"\/sk\/m-menu\/\" class=\"elementor-icon\" tabindex=\"-1\" aria-label=\"Ponuka\">\n\t\t\t\t<i aria-hidden=\"true\" class=\"icon icon-fi-rr-book-open-cover\"><\/i>\t\t\t\t<\/a>\n\t\t\t<\/div>\n\t\t\t\n\t\t\t\t\t\t<div class=\"elementor-icon-box-content\">\n\n\t\t\t\t\t\t\t\t\t<h3 class=\"elementor-icon-box-title\">\n\t\t\t\t\t\t<a href=\"\/sk\/m-menu\/\" >\n\t\t\t\t\t\t\tPonuka\t\t\t\t\t\t<\/a>\n\t\t\t\t\t<\/h3>\n\t\t\t\t\n\t\t\t\t\n\t\t\t<\/div>\n\t\t\t\n\t\t<\/div>\n\t\t\t\t\t\t<\/div>\n\t\t\t\t<\/div>\n\t\t<div class=\"elementor-element elementor-element-303ee1f e-con-full e-flex e-con e-child\" data-id=\"303ee1f\" data-element_type=\"container\">\n\t\t\t\t<div class=\"elementor-element elementor-element-333a5ea elementor-view-default elementor-position-top elementor-mobile-position-top elementor-widget elementor-widget-icon-box\" data-id=\"333a5ea\" data-element_type=\"widget\" data-widget_type=\"icon-box.default\">\n\t\t\t\t\t\t\t<div class=\"elementor-icon-box-wrapper\">\n\n\t\t\t\t\t\t<div class=\"elementor-icon-box-icon\">\n\t\t\t\t<a href=\"\/sk\/sisa\/\" class=\"elementor-icon\" tabindex=\"-1\" aria-label=\"\u0160i\u0161a\">\n\t\t\t\t<i aria-hidden=\"true\" class=\"icon icon-fi-rr-bong\"><\/i>\t\t\t\t<\/a>\n\t\t\t<\/div>\n\t\t\t\n\t\t\t\t\t\t<div class=\"elementor-icon-box-content\">\n\n\t\t\t\t\t\t\t\t\t<h3 class=\"elementor-icon-box-title\">\n\t\t\t\t\t\t<a href=\"\/sk\/sisa\/\" >\n\t\t\t\t\t\t\t\u0160i\u0161a\t\t\t\t\t\t<\/a>\n\t\t\t\t\t<\/h3>\n\t\t\t\t\n\t\t\t\t\n\t\t\t<\/div>\n\t\t\t\n\t\t<\/div>\n\t\t\t\t\t\t<\/div>\n\t\t\t\t<\/div>\n\t\t<div class=\"elementor-element elementor-element-a8ec776 e-con-full e-flex e-con e-child\" data-id=\"a8ec776\" data-element_type=\"container\">\n\t\t\t\t<div class=\"elementor-element elementor-element-dae7c3b elementor-view-default elementor-position-top elementor-mobile-position-top elementor-widget elementor-widget-icon-box\" data-id=\"dae7c3b\" data-element_type=\"widget\" data-widget_type=\"icon-box.default\">\n\t\t\t\t\t\t\t<div class=\"elementor-icon-box-wrapper\">\n\n\t\t\t\t\t\t<div class=\"elementor-icon-box-icon\">\n\t\t\t\t<a href=\"\/sk\/udalosti\/\" class=\"elementor-icon\" tabindex=\"-1\" aria-label=\"Podujatia\">\n\t\t\t\t<i aria-hidden=\"true\" class=\"icon icon-fi-rr-wishlist-star\"><\/i>\t\t\t\t<\/a>\n\t\t\t<\/div>\n\t\t\t\n\t\t\t\t\t\t<div class=\"elementor-icon-box-content\">\n\n\t\t\t\t\t\t\t\t\t<h3 class=\"elementor-icon-box-title\">\n\t\t\t\t\t\t<a href=\"\/sk\/udalosti\/\" >\n\t\t\t\t\t\t\tPodujatia\t\t\t\t\t\t<\/a>\n\t\t\t\t\t<\/h3>\n\t\t\t\t\n\t\t\t\t\n\t\t\t<\/div>\n\t\t\t\n\t\t<\/div>\n\t\t\t\t\t\t<\/div>\n\t\t\t\t<\/div>\n\t\t\t\t\t<\/div>\n\t\t\t\t<\/div>\n\t\t\t\t<\/div>","protected":false},"excerpt":{"rendered":"<p>Call Us Visit Us Hours Contact Menu Shisha Events<\/p>","protected":false},"author":1,"featured_media":0,"parent":0,"menu_order":0,"comment_status":"closed","ping_status":"closed","template":"elementor_canvas","meta":{"footnotes":""},"class_list":["post-144","page","type-page","status-publish","hentry"],"_links":{"self":[{"href":"https:\/\/mayalounge.sk\/sk\/wp-json\/wp\/v2\/pages\/144","targetHints":{"allow":["GET"]}}],"collection":[{"href":"https:\/\/mayalounge.sk\/sk\/wp-json\/wp\/v2\/pages"}],"about":[{"href":"https:\/\/mayalounge.sk\/sk\/wp-json\/wp\/v2\/types\/page"}],"author":[{"embeddable":true,"href":"https:\/\/mayalounge.sk\/sk\/wp-json\/wp\/v2\/users\/1"}],"replies":[{"embeddable":true,"href":"https:\/\/mayalounge.sk\/sk\/wp-json\/wp\/v2\/comments?post=144"}],"version-history":[{"count":43,"href":"https:\/\/mayalounge.sk\/sk\/wp-json\/wp\/v2\/pages\/144\/revisions"}],"predecessor-version":[{"id":348,"href":"https:\/\/mayalounge.sk\/sk\/wp-json\/wp\/v2\/pages\/144\/revisions\/348"}],"wp:attachment":[{"href":"https:\/\/mayalounge.sk\/sk\/wp-json\/wp\/v2\/media?parent=144"}],"curies":[{"name":"wp","href":"https:\/\/api.w.org\/{rel}","templated":true}]}}