{"id":349,"date":"2025-11-06T12:43:12","date_gmt":"2025-11-06T12:43:12","guid":{"rendered":"https:\/\/mayalounge.sk\/?page_id=349"},"modified":"2025-11-07T14:23:52","modified_gmt":"2025-11-07T14:23:52","slug":"o-nas","status":"publish","type":"page","link":"https:\/\/mayalounge.sk\/sk\/o-nas\/","title":{"rendered":"O n\u00e1s"},"content":{"rendered":"<div data-elementor-type=\"wp-page\" data-elementor-id=\"349\" class=\"elementor elementor-349\" data-elementor-post-type=\"page\">\n\t\t\t\t<div class=\"elementor-element elementor-element-ca1b873 e-flex e-con-boxed e-con e-parent\" data-id=\"ca1b873\" data-element_type=\"container\" data-settings=\"{&quot;background_background&quot;:&quot;classic&quot;}\">\n\t\t\t\t\t<div class=\"e-con-inner\">\n\t\t\t\t<div class=\"elementor-element elementor-element-e3508d9 elementor-widget elementor-widget-heading\" data-id=\"e3508d9\" data-element_type=\"widget\" data-widget_type=\"heading.default\">\n\t\t\t\t\t<h2 class=\"elementor-heading-title elementor-size-default\">O n\u00e1s<\/h2>\t\t\t\t<\/div>\n\t\t\t\t\t<\/div>\n\t\t\t\t<\/div>\n\t\t<div class=\"elementor-element elementor-element-ab29277 e-flex e-con-boxed e-con e-parent\" data-id=\"ab29277\" data-element_type=\"container\">\n\t\t\t\t\t<div class=\"e-con-inner\">\n\t\t\t\t<div class=\"elementor-element elementor-element-21b0dda elementor-widget elementor-widget-heading\" data-id=\"21b0dda\" data-element_type=\"widget\" data-widget_type=\"heading.default\">\n\t\t\t\t\t<h6 class=\"elementor-heading-title elementor-size-default\">Dokonal\u00e1 kombin\u00e1cia trad\u00edcie, chuti a atmosf\u00e9ry<\/h6>\t\t\t\t<\/div>\n\t\t\t\t<div class=\"elementor-element elementor-element-c9d958a elementor-widget elementor-widget-heading\" data-id=\"c9d958a\" data-element_type=\"widget\" data-widget_type=\"heading.default\">\n\t\t\t\t\t<h2 class=\"elementor-heading-title elementor-size-default\">Vitajte v Maya Lounge V\u00e1\u0161 \u00fanik z vodnej fajky<\/h2>\t\t\t\t<\/div>\n\t\t\t\t<div class=\"elementor-element elementor-element-17f5208 elementor-widget elementor-widget-text-editor\" data-id=\"17f5208\" data-element_type=\"widget\" data-widget_type=\"text-editor.default\">\n\t\t\t\t\t\t\t\t\t<p data-start=\"194\" data-end=\"439\">Na str\u00e1nke <strong data-start=\"216\" data-end=\"231\">Maya Lounge<\/strong>, ver\u00edme, \u017ee vytv\u00e1rame viac ne\u017e len z\u00e1\u017eitok z vodnej fajky - vytv\u00e1rame momenty. N\u00e1\u0161 sal\u00f3nik, ktor\u00fd sa nach\u00e1dza v srdci Slovenska, je ur\u010den\u00fd pre t\u00fdch, ktor\u00ed h\u013eadaj\u00fa relax, bohat\u00e9 chute a pr\u00edjemn\u00fa atmosf\u00e9ru.<\/p><p data-start=\"441\" data-end=\"683\">Vst\u00fapte do sveta, v ktorom sa stret\u00e1va pr\u00e9miov\u00e1 \u0161i\u0161a s v\u00fdnimo\u010dnou pohostinnos\u0165ou. \u010ci u\u017e si tu chcete odd\u00fdchnu\u0165 po dlhom dni, stretn\u00fa\u0165 sa s priate\u013emi alebo objavova\u0165 nov\u00e9 chute, Maya Lounge pon\u00faka atmosf\u00e9ru, ktor\u00e1 sp\u00e1ja trad\u00edciu s modern\u00fdm komfortom.<\/p><p data-start=\"685\" data-end=\"903\">Ka\u017ed\u00fd detail je navrhnut\u00fd tak, aby pozdvihol v\u00e1\u0161 z\u00e1\u017eitok - od ru\u010dne vyberan\u00fdch zmes\u00ed na \u0161i\u0161u a\u017e po na\u0161e charakteristick\u00e9 n\u00e1poje a \u00fatuln\u00e9 prostredie. Nechajte sa un\u00e1\u0161a\u0165 jemn\u00fdm dymom a pohodov\u00fdmi vibr\u00e1ciami na ceste chuti a pokoja.<\/p>\t\t\t\t\t\t\t\t<\/div>\n\t\t\t\t<div class=\"elementor-element elementor-element-9283d5e elementor-arrows-position-inside elementor-widget elementor-widget-image-carousel\" data-id=\"9283d5e\" data-element_type=\"widget\" data-settings=\"{&quot;slides_to_show&quot;:&quot;4&quot;,&quot;slides_to_show_tablet&quot;:&quot;3&quot;,&quot;navigation&quot;:&quot;arrows&quot;,&quot;image_spacing_custom_mobile&quot;:{&quot;unit&quot;:&quot;px&quot;,&quot;size&quot;:20,&quot;sizes&quot;:[]},&quot;autoplay&quot;:&quot;yes&quot;,&quot;pause_on_hover&quot;:&quot;yes&quot;,&quot;pause_on_interaction&quot;:&quot;yes&quot;,&quot;autoplay_speed&quot;:5000,&quot;infinite&quot;:&quot;yes&quot;,&quot;speed&quot;:500,&quot;image_spacing_custom&quot;:{&quot;unit&quot;:&quot;px&quot;,&quot;size&quot;:20,&quot;sizes&quot;:[]},&quot;image_spacing_custom_tablet&quot;:{&quot;unit&quot;:&quot;px&quot;,&quot;size&quot;:&quot;&quot;,&quot;sizes&quot;:[]}}\" data-widget_type=\"image-carousel.default\">\n\t\t\t\t\t\t\t<div class=\"elementor-image-carousel-wrapper swiper\" role=\"region\" aria-roledescription=\"carousel\" aria-label=\"Koloto\u010d obr\u00e1zkov\" dir=\"ltr\">\n\t\t\t<div class=\"elementor-image-carousel swiper-wrapper swiper-image-stretch\" aria-live=\"off\">\n\t\t\t\t\t\t\t\t<div class=\"swiper-slide\" role=\"group\" aria-roledescription=\"slide\" aria-label=\"1 z 10\"><figure class=\"swiper-slide-inner\"><img decoding=\"async\" class=\"swiper-slide-image\" src=\"https:\/\/mayalounge.sk\/wp-content\/uploads\/2025\/11\/IMG_7429.png\" alt=\"IMG_7429\" \/><\/figure><\/div><div class=\"swiper-slide\" role=\"group\" aria-roledescription=\"slide\" aria-label=\"2 z 10\"><figure class=\"swiper-slide-inner\"><img decoding=\"async\" class=\"swiper-slide-image\" src=\"https:\/\/mayalounge.sk\/wp-content\/uploads\/2025\/11\/IMG_6511-864x1536.jpg\" alt=\"LOUNGE SHISHA BAR - 5\" \/><\/figure><\/div><div class=\"swiper-slide\" role=\"group\" aria-roledescription=\"slide\" aria-label=\"3 z 10\"><figure class=\"swiper-slide-inner\"><img decoding=\"async\" class=\"swiper-slide-image\" src=\"https:\/\/mayalounge.sk\/wp-content\/uploads\/2025\/11\/Shisha-1156x1536.png\" alt=\"\u0160i\u0161a\" \/><\/figure><\/div><div class=\"swiper-slide\" role=\"group\" aria-roledescription=\"slide\" aria-label=\"4 z 10\"><figure class=\"swiper-slide-inner\"><img decoding=\"async\" class=\"swiper-slide-image\" src=\"https:\/\/mayalounge.sk\/wp-content\/uploads\/2025\/11\/MayaWall-1150x1536.png\" alt=\"MayaWall\" \/><\/figure><\/div><div class=\"swiper-slide\" role=\"group\" aria-roledescription=\"slide\" aria-label=\"5 z 10\"><figure class=\"swiper-slide-inner\"><img decoding=\"async\" class=\"swiper-slide-image\" src=\"https:\/\/mayalounge.sk\/wp-content\/uploads\/2025\/11\/IMG_6487.png\" alt=\"IMG_6487\" \/><\/figure><\/div><div class=\"swiper-slide\" role=\"group\" aria-roledescription=\"slide\" aria-label=\"6 z 10\"><figure class=\"swiper-slide-inner\"><img decoding=\"async\" class=\"swiper-slide-image\" src=\"https:\/\/mayalounge.sk\/wp-content\/uploads\/2025\/11\/IMG_7345.png\" alt=\"IMG_7345\" \/><\/figure><\/div><div class=\"swiper-slide\" role=\"group\" aria-roledescription=\"slide\" aria-label=\"7 z 10\"><figure class=\"swiper-slide-inner\"><img decoding=\"async\" class=\"swiper-slide-image\" src=\"https:\/\/mayalounge.sk\/wp-content\/uploads\/2025\/11\/IMG_6482.jpg\" alt=\"IMG_6482\" \/><\/figure><\/div><div class=\"swiper-slide\" role=\"group\" aria-roledescription=\"slide\" aria-label=\"8 z 10\"><figure class=\"swiper-slide-inner\"><img decoding=\"async\" class=\"swiper-slide-image\" src=\"https:\/\/mayalounge.sk\/wp-content\/uploads\/2025\/11\/delicious-warm-winter-drink-1051x1536.jpg\" alt=\"lahodn\u00e9-tepl\u00e9-zimn\u00e9-pitie\" \/><\/figure><\/div><div class=\"swiper-slide\" role=\"group\" aria-roledescription=\"slide\" aria-label=\"9 z 10\"><figure class=\"swiper-slide-inner\"><img decoding=\"async\" class=\"swiper-slide-image\" src=\"https:\/\/mayalounge.sk\/wp-content\/uploads\/2025\/11\/IMG_6520-864x1536.jpg\" alt=\"IMG_6520\" \/><\/figure><\/div><div class=\"swiper-slide\" role=\"group\" aria-roledescription=\"slide\" aria-label=\"10 z 10\"><figure class=\"swiper-slide-inner\"><img decoding=\"async\" class=\"swiper-slide-image\" src=\"https:\/\/mayalounge.sk\/wp-content\/uploads\/2025\/11\/IMG_7239.jpg\" alt=\"\" \/><\/figure><\/div>\t\t\t<\/div>\n\t\t\t\t\t\t\t\t\t\t\t\t<div class=\"elementor-swiper-button elementor-swiper-button-prev\" role=\"button\" tabindex=\"0\">\n\t\t\t\t\t\t<svg aria-hidden=\"true\" class=\"e-font-icon-svg e-eicon-chevron-left\" viewbox=\"0 0 1000 1000\" xmlns=\"http:\/\/www.w3.org\/2000\/svg\"><path d=\"M646 125C629 125 613 133 604 142L308 442C296 454 292 471 292 487 292 504 296 521 308 533L604 854C617 867 629 875 646 875 663 875 679 871 692 858 704 846 713 829 713 812 713 796 708 779 692 767L438 487 692 225C700 217 708 204 708 187 708 171 704 154 692 142 675 129 663 125 646 125Z\"><\/path><\/svg>\t\t\t\t\t<\/div>\n\t\t\t\t\t<div class=\"elementor-swiper-button elementor-swiper-button-next\" role=\"button\" tabindex=\"0\">\n\t\t\t\t\t\t<svg aria-hidden=\"true\" class=\"e-font-icon-svg e-eicon-chevron-right\" viewbox=\"0 0 1000 1000\" xmlns=\"http:\/\/www.w3.org\/2000\/svg\"><path d=\"M696 533C708 521 713 504 713 487 713 471 708 454 696 446L400 146C388 133 375 125 354 125 338 125 325 129 313 142 300 154 292 171 292 187 292 204 296 221 308 233L563 492 304 771C292 783 288 800 288 817 288 833 296 850 308 863 321 871 338 875 354 875 371 875 388 867 400 854L696 533Z\"><\/path><\/svg>\t\t\t\t\t<\/div>\n\t\t\t\t\n\t\t\t\t\t\t\t\t\t<\/div>\n\t\t\t\t\t\t<\/div>\n\t\t\t\t\t<\/div>\n\t\t\t\t<\/div>\n\t\t\t\t<\/div>","protected":false},"excerpt":{"rendered":"<p>About Us A Perfect Blend of Tradition, Flavor, and Atmosphere Welcome to Maya Lounge Your Hookah Escape At Maya Lounge, we believe in crafting more than just a hookah experience\u2014we create moments. Nestled in the heart of Slovakia, our lounge is designed for those who seek relaxation, rich flavors, and an inviting ambiance. Step into [&hellip;]<\/p>","protected":false},"author":1,"featured_media":0,"parent":0,"menu_order":0,"comment_status":"closed","ping_status":"closed","template":"","meta":{"footnotes":""},"class_list":["post-349","page","type-page","status-publish","hentry"],"_links":{"self":[{"href":"https:\/\/mayalounge.sk\/sk\/wp-json\/wp\/v2\/pages\/349","targetHints":{"allow":["GET"]}}],"collection":[{"href":"https:\/\/mayalounge.sk\/sk\/wp-json\/wp\/v2\/pages"}],"about":[{"href":"https:\/\/mayalounge.sk\/sk\/wp-json\/wp\/v2\/types\/page"}],"author":[{"embeddable":true,"href":"https:\/\/mayalounge.sk\/sk\/wp-json\/wp\/v2\/users\/1"}],"replies":[{"embeddable":true,"href":"https:\/\/mayalounge.sk\/sk\/wp-json\/wp\/v2\/comments?post=349"}],"version-history":[{"count":7,"href":"https:\/\/mayalounge.sk\/sk\/wp-json\/wp\/v2\/pages\/349\/revisions"}],"predecessor-version":[{"id":631,"href":"https:\/\/mayalounge.sk\/sk\/wp-json\/wp\/v2\/pages\/349\/revisions\/631"}],"wp:attachment":[{"href":"https:\/\/mayalounge.sk\/sk\/wp-json\/wp\/v2\/media?parent=349"}],"curies":[{"name":"wp","href":"https:\/\/api.w.org\/{rel}","templated":true}]}}