{"id":354,"date":"2025-11-06T12:54:03","date_gmt":"2025-11-06T12:54:03","guid":{"rendered":"https:\/\/mayalounge.sk\/?page_id=354"},"modified":"2025-11-06T12:54:47","modified_gmt":"2025-11-06T12:54:47","slug":"gdrp","status":"publish","type":"page","link":"https:\/\/mayalounge.sk\/sk\/gdrp\/","title":{"rendered":"GDRP"},"content":{"rendered":"<div data-elementor-type=\"wp-page\" data-elementor-id=\"354\" class=\"elementor elementor-354\" data-elementor-post-type=\"page\">\n\t\t\t\t<div class=\"elementor-element elementor-element-ca1b873 e-flex e-con-boxed e-con e-parent\" data-id=\"ca1b873\" data-element_type=\"container\" data-settings=\"{&quot;background_background&quot;:&quot;classic&quot;}\">\n\t\t\t\t\t<div class=\"e-con-inner\">\n\t\t\t\t<div class=\"elementor-element elementor-element-e3508d9 elementor-widget elementor-widget-heading\" data-id=\"e3508d9\" data-element_type=\"widget\" data-widget_type=\"heading.default\">\n\t\t\t\t\t<h2 class=\"elementor-heading-title elementor-size-default\">GDRP<\/h2>\t\t\t\t<\/div>\n\t\t\t\t\t<\/div>\n\t\t\t\t<\/div>\n\t\t<div class=\"elementor-element elementor-element-ab29277 e-flex e-con-boxed e-con e-parent\" data-id=\"ab29277\" data-element_type=\"container\">\n\t\t\t\t\t<div class=\"e-con-inner\">\n\t\t\t\t<div class=\"elementor-element elementor-element-17f5208 elementor-widget elementor-widget-text-editor\" data-id=\"17f5208\" data-element_type=\"widget\" data-widget_type=\"text-editor.default\">\n\t\t\t\t\t\t\t\t\t<h3 data-start=\"80\" data-end=\"116\"><strong data-start=\"84\" data-end=\"116\">Z\u00e1sady ochrany osobn\u00fdch \u00fadajov - Maya Lounge<\/strong><\/h3><p data-start=\"118\" data-end=\"142\"><strong data-start=\"118\" data-end=\"142\">Posledn\u00e1 aktualiz\u00e1cia: 06.11.2025<\/strong><\/p><p data-start=\"144\" data-end=\"414\">Spolo\u010dnos\u0165 Maya Lounge (\u010falej len \u201cmy\u201d, \u201cn\u00e1\u0161\u201d alebo \u201cn\u00e1s\u201d) sa zav\u00e4zuje chr\u00e1ni\u0165 va\u0161e osobn\u00e9 \u00fadaje a re\u0161pektova\u0165 va\u0161e s\u00fakromie. Tieto z\u00e1sady ochrany osobn\u00fdch \u00fadajov vysvet\u013euj\u00fa, ako zhroma\u017e\u010fujeme, pou\u017e\u00edvame, uchov\u00e1vame a chr\u00e1nime va\u0161e osobn\u00e9 \u00fadaje v s\u00falade so v\u0161eobecn\u00fdm nariaden\u00edm o ochrane \u00fadajov (GDPR).<\/p><hr data-start=\"416\" data-end=\"419\" \/><h3 data-start=\"421\" data-end=\"447\">1. <strong data-start=\"428\" data-end=\"447\">\u00dadaje, ktor\u00e9 zhroma\u017e\u010fujeme<\/strong><\/h3><p data-start=\"449\" data-end=\"504\">M\u00f4\u017eeme zhroma\u017e\u010fova\u0165 a sprac\u00fava\u0165 tieto osobn\u00e9 \u00fadaje:<\/p><ul data-start=\"506\" data-end=\"850\"><li data-start=\"506\" data-end=\"569\"><p data-start=\"508\" data-end=\"569\"><strong data-start=\"508\" data-end=\"531\">Kontaktn\u00e9 inform\u00e1cie<\/strong> (meno, e-mailov\u00e1 adresa, telef\u00f3nne \u010d\u00edslo)<\/p><\/li><li data-start=\"570\" data-end=\"608\"><p data-start=\"572\" data-end=\"608\"><strong data-start=\"572\" data-end=\"606\">\u00dadaje o rezerv\u00e1cii alebo rezerv\u00e1cii<\/strong><\/p><\/li><li data-start=\"609\" data-end=\"681\"><p data-start=\"611\" data-end=\"681\"><strong data-start=\"611\" data-end=\"679\">Inform\u00e1cie, ktor\u00e9 poskytujete prostredn\u00edctvom kontaktn\u00fdch formul\u00e1rov alebo prihl\u00e1senia do newslettera.<\/strong><\/p><\/li><li data-start=\"682\" data-end=\"753\"><p data-start=\"684\" data-end=\"753\"><strong data-start=\"684\" data-end=\"702\">Technick\u00e9 \u00fadaje<\/strong> (IP adresa, typ prehliada\u010da, inform\u00e1cie o zariaden\u00ed, s\u00fabory cookie)<\/p><\/li><li data-start=\"754\" data-end=\"850\"><p data-start=\"756\" data-end=\"850\"><strong data-start=\"756\" data-end=\"785\">Interakcie v soci\u00e1lnych m\u00e9di\u00e1ch<\/strong> (ak n\u00e1s kontaktujete prostredn\u00edctvom platforiem ako Instagram alebo Facebook)<\/p><\/li><\/ul><hr data-start=\"852\" data-end=\"855\" \/><h3 data-start=\"857\" data-end=\"888\">2. <strong data-start=\"864\" data-end=\"888\">Ako pou\u017e\u00edvame va\u0161e \u00fadaje<\/strong><\/h3><p data-start=\"890\" data-end=\"947\">Va\u0161e osobn\u00e9 \u00fadaje m\u00f4\u017eeme pou\u017e\u00edva\u0165 na tieto \u00fa\u010dely:<\/p><ul data-start=\"949\" data-end=\"1214\"><li data-start=\"949\" data-end=\"988\"><p data-start=\"951\" data-end=\"988\">Spr\u00e1va rezerv\u00e1ci\u00ed alebo dopytov<\/p><\/li><li data-start=\"989\" data-end=\"1052\"><p data-start=\"991\" data-end=\"1052\">reagova\u0165 na spr\u00e1vy odoslan\u00e9 prostredn\u00edctvom na\u0161ej webovej str\u00e1nky alebo soci\u00e1lnych m\u00e9di\u00ed.<\/p><\/li><li data-start=\"1053\" data-end=\"1120\"><p data-start=\"1055\" data-end=\"1120\">zasielanie aktualiz\u00e1ci\u00ed, propaga\u010dn\u00fdch akci\u00ed alebo informa\u010dn\u00fdch bulletinov (len so s\u00fahlasom).<\/p><\/li><li data-start=\"1121\" data-end=\"1177\"><p data-start=\"1123\" data-end=\"1177\">Zlep\u0161enie funk\u010dnosti webovej str\u00e1nky a pou\u017e\u00edvate\u013esk\u00e9ho z\u00e1\u017eitku<\/p><\/li><li data-start=\"1178\" data-end=\"1214\"><p data-start=\"1180\" data-end=\"1214\">Dodr\u017eiavanie z\u00e1konn\u00fdch povinnost\u00ed<\/p><\/li><\/ul><p data-start=\"1216\" data-end=\"1305\">Rob\u00edme to <strong data-start=\"1222\" data-end=\"1229\">nie<\/strong> pred\u00e1va\u0165 alebo zdie\u013ea\u0165 va\u0161e osobn\u00e9 \u00fadaje s tret\u00edmi stranami na marketingov\u00e9 \u00fa\u010dely.<\/p><hr data-start=\"1307\" data-end=\"1310\" \/><h3 data-start=\"1312\" data-end=\"1349\">3. <strong data-start=\"1319\" data-end=\"1349\">Pr\u00e1vny z\u00e1klad spracovania<\/strong><\/h3><p data-start=\"1351\" data-end=\"1381\">Va\u0161e \u00fadaje sprac\u00favame na z\u00e1klade:<\/p><ul data-start=\"1383\" data-end=\"1601\"><li data-start=\"1383\" data-end=\"1429\"><p data-start=\"1385\" data-end=\"1429\"><strong data-start=\"1385\" data-end=\"1401\">V\u00e1\u0161 s\u00fahlas<\/strong> (napr. prihl\u00e1senie k odberu noviniek)<\/p><\/li><li data-start=\"1430\" data-end=\"1489\"><p data-start=\"1432\" data-end=\"1489\"><strong data-start=\"1432\" data-end=\"1457\">Zmluvn\u00e1 nevyhnutnos\u0165<\/strong> (napr. vybavovanie rezerv\u00e1ci\u00ed)<\/p><\/li><li data-start=\"1490\" data-end=\"1544\"><p data-start=\"1492\" data-end=\"1544\"><strong data-start=\"1492\" data-end=\"1515\">Opr\u00e1vnen\u00fd z\u00e1ujem<\/strong> (napr. zlep\u0161enie slu\u017eieb)<\/p><\/li><li data-start=\"1545\" data-end=\"1601\"><p data-start=\"1547\" data-end=\"1601\"><strong data-start=\"1547\" data-end=\"1567\">Pr\u00e1vna povinnos\u0165<\/strong> (napr. da\u0148ov\u00e9 alebo \u00fa\u010dtovn\u00e9 z\u00e1znamy)<\/p><\/li><\/ul><hr data-start=\"1603\" data-end=\"1606\" \/><h3 data-start=\"1608\" data-end=\"1626\">4. <strong data-start=\"1615\" data-end=\"1626\">Cookies<\/strong><\/h3><p data-start=\"1628\" data-end=\"1760\">Na\u0161e webov\u00e9 str\u00e1nky m\u00f4\u017eu pou\u017e\u00edva\u0165 s\u00fabory cookie na zlep\u0161enie v\u00fdkonu a pou\u017e\u00edvate\u013esk\u00e9ho komfortu. S\u00fabory cookie m\u00f4\u017eete kontrolova\u0165 alebo zak\u00e1za\u0165 v nastaveniach prehliada\u010da.<\/p><hr data-start=\"1762\" data-end=\"1765\" \/><h3 data-start=\"1767\" data-end=\"1801\">5. <strong data-start=\"1774\" data-end=\"1801\">Ukladanie a zabezpe\u010denie \u00fadajov<\/strong><\/h3><p data-start=\"1803\" data-end=\"2040\">Prij\u00edmame primeran\u00e9 technick\u00e9 a organiza\u010dn\u00e9 opatrenia na ochranu va\u0161ich osobn\u00fdch \u00fadajov pred neopr\u00e1vnen\u00fdm pr\u00edstupom, stratou alebo zneu\u017eit\u00edm. Va\u0161e \u00fadaje m\u00f4\u017eu by\u0165 ulo\u017een\u00e9 na zabezpe\u010den\u00fdch serveroch v r\u00e1mci E\u00da alebo prostredn\u00edctvom poskytovate\u013eov slu\u017eieb, ktor\u00ed sp\u013a\u0148aj\u00fa po\u017eiadavky GDPR.<\/p><hr data-start=\"2042\" data-end=\"2045\" \/><h3 data-start=\"2047\" data-end=\"2072\">6. <strong data-start=\"2054\" data-end=\"2072\">Uchov\u00e1vanie \u00fadajov<\/strong><\/h3><p data-start=\"2074\" data-end=\"2279\">Va\u0161e \u00fadaje uchov\u00e1vame len tak dlho, ako je to potrebn\u00e9 na vy\u0161\u0161ie uveden\u00e9 \u00fa\u010dely alebo ako to vy\u017eaduje z\u00e1kon. Ak odvol\u00e1te s\u00fahlas alebo po\u017eiadate o vymazanie, va\u0161e \u00fadaje odstr\u00e1nime, pokia\u013e n\u00e1m v tom nebr\u00e1ni z\u00e1konn\u00e1 povinnos\u0165.<\/p><hr data-start=\"2281\" data-end=\"2284\" \/><h3 data-start=\"2286\" data-end=\"2319\">7. <strong data-start=\"2293\" data-end=\"2319\">Va\u0161e pr\u00e1va pod\u013ea GDPR<\/strong><\/h3><p data-start=\"2321\" data-end=\"2343\">M\u00e1te pr\u00e1vo na:<\/p><ul data-start=\"2345\" data-end=\"2559\"><li data-start=\"2345\" data-end=\"2374\"><p data-start=\"2347\" data-end=\"2374\">Pr\u00edstup k va\u0161im osobn\u00fdm \u00fadajom<\/p><\/li><li data-start=\"2375\" data-end=\"2409\"><p data-start=\"2377\" data-end=\"2409\">\u017diados\u0165 o opravu alebo vymazanie<\/p><\/li><li data-start=\"2410\" data-end=\"2442\"><p data-start=\"2412\" data-end=\"2442\">Odvola\u0165 s\u00fahlas kedyko\u013evek.<\/p><\/li><li data-start=\"2443\" data-end=\"2467\"><p data-start=\"2445\" data-end=\"2467\">N\u00e1mietka proti spracovaniu<\/p><\/li><li data-start=\"2468\" data-end=\"2496\"><p data-start=\"2470\" data-end=\"2496\">\u017diados\u0165 o prenosnos\u0165 \u00fadajov<\/p><\/li><li data-start=\"2497\" data-end=\"2559\"><p data-start=\"2499\" data-end=\"2559\">Podajte s\u0165a\u017enos\u0165 miestnemu \u00faradu na ochranu \u00fadajov<\/p><\/li><\/ul><p data-start=\"2561\" data-end=\"2623\">Ak chcete uplatni\u0165 svoje pr\u00e1va, kontaktujte n\u00e1s na adrese: <strong data-start=\"2601\" data-end=\"2623\"><a class=\"decorated-link cursor-pointer\" rel=\"noopener\" data-start=\"2603\" data-end=\"2621\">info@mayalounge.sk<\/a><\/strong><\/p><hr data-start=\"2625\" data-end=\"2628\" \/><h3 data-start=\"2630\" data-end=\"2661\">8. <strong data-start=\"2637\" data-end=\"2661\">Slu\u017eby tret\u00edch str\u00e1n<\/strong><\/h3><p data-start=\"2663\" data-end=\"2832\">M\u00f4\u017eeme pou\u017e\u00edva\u0165 n\u00e1stroje tret\u00edch str\u00e1n (napr. Google Analytics, rezerva\u010dn\u00e9 syst\u00e9my, platformy na zasielanie noviniek). T\u00edto poskytovatelia s\u00fa v s\u00falade s GDPR a sprac\u00favaj\u00fa \u00fadaje len v na\u0161om mene.<\/p><hr data-start=\"2834\" data-end=\"2837\" \/><h3 data-start=\"2839\" data-end=\"2869\">9. <strong data-start=\"2846\" data-end=\"2869\">Kontaktn\u00e9 inform\u00e1cie<\/strong><\/h3><p data-start=\"2871\" data-end=\"2979\">Ak m\u00e1te ot\u00e1zky t\u00fdkaj\u00face sa t\u00fdchto z\u00e1sad ochrany osobn\u00fdch \u00fadajov alebo chcete uplatni\u0165 svoje pr\u00e1va vypl\u00fdvaj\u00face z GDPR, m\u00f4\u017eete n\u00e1s kontaktova\u0165 na adrese:<\/p><p data-start=\"2981\" data-end=\"3081\"><strong data-start=\"2981\" data-end=\"2996\">Maya Lounge<\/strong><br data-start=\"2996\" data-end=\"2999\" \/>\ud83d\udccd Kr\u00ed\u017ena 4085\/22, 811 07 Bratislava<br data-start=\"3035\" data-end=\"3038\" \/>\ud83d\udcde +421 952 256 005<br data-start=\"3057\" data-end=\"3060\" \/>\u2709\ufe0f <a class=\"decorated-link cursor-pointer\" rel=\"noopener\" data-start=\"3063\" data-end=\"3081\">info@mayalounge.sk<\/a><\/p><hr data-start=\"3083\" data-end=\"3086\" \/><h3 data-start=\"3088\" data-end=\"3122\">10. <strong data-start=\"3096\" data-end=\"3122\">Zmeny t\u00fdchto z\u00e1sad<\/strong><\/h3><p data-start=\"3124\" data-end=\"3243\">Tieto z\u00e1sady ochrany osobn\u00fdch \u00fadajov m\u00f4\u017eeme pr\u00edle\u017eitostne aktualizova\u0165. V\u0161etky zmeny bud\u00fa zverejnen\u00e9 na tejto str\u00e1nke s nov\u00fdm d\u00e1tumom \u201cPoslednej aktualiz\u00e1cie\u201d.<\/p>\t\t\t\t\t\t\t\t<\/div>\n\t\t\t\t\t<\/div>\n\t\t\t\t<\/div>\n\t\t\t\t<\/div>","protected":false},"excerpt":{"rendered":"<p>GDRP Privacy Policy \u2013 Maya Lounge Last updated: 06.11.2025 Maya Lounge (\u201cwe\u201d, \u201cour\u201d, or \u201cus\u201d) is committed to protecting your personal data and respecting your privacy. This Privacy Policy explains how we collect, use, store, and protect your personal information in accordance with the General Data Protection Regulation (GDPR). 1. Data We Collect We may [&hellip;]<\/p>","protected":false},"author":1,"featured_media":0,"parent":0,"menu_order":0,"comment_status":"closed","ping_status":"closed","template":"","meta":{"footnotes":""},"class_list":["post-354","page","type-page","status-publish","hentry"],"_links":{"self":[{"href":"https:\/\/mayalounge.sk\/sk\/wp-json\/wp\/v2\/pages\/354","targetHints":{"allow":["GET"]}}],"collection":[{"href":"https:\/\/mayalounge.sk\/sk\/wp-json\/wp\/v2\/pages"}],"about":[{"href":"https:\/\/mayalounge.sk\/sk\/wp-json\/wp\/v2\/types\/page"}],"author":[{"embeddable":true,"href":"https:\/\/mayalounge.sk\/sk\/wp-json\/wp\/v2\/users\/1"}],"replies":[{"embeddable":true,"href":"https:\/\/mayalounge.sk\/sk\/wp-json\/wp\/v2\/comments?post=354"}],"version-history":[{"count":4,"href":"https:\/\/mayalounge.sk\/sk\/wp-json\/wp\/v2\/pages\/354\/revisions"}],"predecessor-version":[{"id":358,"href":"https:\/\/mayalounge.sk\/sk\/wp-json\/wp\/v2\/pages\/354\/revisions\/358"}],"wp:attachment":[{"href":"https:\/\/mayalounge.sk\/sk\/wp-json\/wp\/v2\/media?parent=354"}],"curies":[{"name":"wp","href":"https:\/\/api.w.org\/{rel}","templated":true}]}}